{"id":2867,"date":"2018-08-30T10:09:57","date_gmt":"2018-08-30T08:09:57","guid":{"rendered":"https:\/\/www.riminiresort.it\/pagina-di-esempio\/"},"modified":"2023-03-24T14:07:43","modified_gmt":"2023-03-24T13:07:43","slug":"pagina-di-esempio","status":"publish","type":"page","link":"https:\/\/www.riminiresort.it\/de\/","title":{"rendered":"Willkommen im Park Hotel von Rimini, Ihr Resort am Meer, wo Sie alle Besonderheiten der Romagna erleben k\u00f6nnen"},"content":{"rendered":"<p>Rimini ist die lebhafteste Stadt der Adriastr\u00e4nde und das Park Hotel erwartet Sie direkt am goldenen Strand, damit Sie Sonne tanken, sich erholen und vergn\u00fcgen k\u00f6nnen.<br \/>\nHier haben Sie ist das T\u00fcrkisblau des <strong>Meers immer vor Augen<\/strong>, die beste Farbe, um Geist und Herz zu regenerieren.<\/p>\n<p>Dieses Jahr erwartet das Park Hotel Sie mit der <strong>neuen Gesch\u00e4ftsleitung mit Adrian, Katia und ihrer Familie<\/strong>, die es nicht erwarten k\u00f6nnen Sie zu verw\u00f6hnen und st\u00e4ndig f\u00fcr Ihre Sicherheit zu sorgen, damit Sie einen Urlaub ganz ohne Sorgen verbringen k\u00f6nnen. Ein freundliches Team steht Ihnen immer zur Seite, viele Gelegenheiten f\u00fcr <strong>einen Urlaub direkt am Meer<\/strong>, der authentische Geschmack der K\u00fcche der Romagna und\u2026<em>\u00a0nun, wir k\u00f6nnen Ihnen nicht alles verraten. Kommen Sie und entdecken Sie das Park Hotel mit eigenen Augen!<\/em><\/p>\n<p>Aufenthalte im Sommerzentrum der Stadt, Sie befinden sich 5 Fahrminuten von der historischen Altstadt entfernt und es steht Ihnen ein gro\u00dfer Parkplatz zur Verf\u00fcgung.<br \/>\n<strong>Hier leben Sie wie in einem M\u00e4rchen direkt am Meer<\/strong>, bei einem k\u00f6stlichen Fr\u00fchst\u00fcck im Garten, bei einem Sprung in den <strong>Pool<\/strong> zur Abk\u00fchlung und dann die wohlverdiente <strong>Entspannung am Strand<\/strong>.<\/p>\n","protected":false},"excerpt":{"rendered":"<p>Rimini ist die lebhafteste Stadt der Adriastr\u00e4nde und das Park Hotel erwartet Sie direkt am goldenen Strand, damit Sie Sonne tanken, sich erholen und vergn\u00fcgen k\u00f6nnen. Hier haben Sie ist das T\u00fcrkisblau des Meers immer vor Augen, die beste Farbe, um Geist und Herz zu regenerieren. Dieses Jahr erwartet das Park Hotel Sie mit der neuen Gesch\u00e4ftsleitung mit Adrian, Katia und ihrer Familie, die es nicht erwarten k\u00f6nnen Sie zu &#8230;<\/p>\n","protected":false},"author":1,"featured_media":0,"parent":0,"menu_order":0,"comment_status":"closed","ping_status":"closed","template":"","meta":{"_acf_changed":false},"class_list":["post-2867","page","type-page","status-publish","hentry"],"acf":[],"_links":{"self":[{"href":"https:\/\/www.riminiresort.it\/de\/wp-json\/wp\/v2\/pages\/2867","targetHints":{"allow":["GET"]}}],"collection":[{"href":"https:\/\/www.riminiresort.it\/de\/wp-json\/wp\/v2\/pages"}],"about":[{"href":"https:\/\/www.riminiresort.it\/de\/wp-json\/wp\/v2\/types\/page"}],"author":[{"embeddable":true,"href":"https:\/\/www.riminiresort.it\/de\/wp-json\/wp\/v2\/users\/1"}],"replies":[{"embeddable":true,"href":"https:\/\/www.riminiresort.it\/de\/wp-json\/wp\/v2\/comments?post=2867"}],"version-history":[{"count":0,"href":"https:\/\/www.riminiresort.it\/de\/wp-json\/wp\/v2\/pages\/2867\/revisions"}],"wp:attachment":[{"href":"https:\/\/www.riminiresort.it\/de\/wp-json\/wp\/v2\/media?parent=2867"}],"curies":[{"name":"wp","href":"https:\/\/api.w.org\/{rel}","templated":true}]}}