{"id":3067,"date":"2020-05-27T11:11:57","date_gmt":"2020-05-27T09:11:57","guid":{"rendered":"https:\/\/www.riminiresort.it\/vacanze-sicure\/"},"modified":"2021-03-11T09:55:10","modified_gmt":"2021-03-11T08:55:10","slug":"sicherer-urlaub-rimini","status":"publish","type":"page","link":"https:\/\/www.riminiresort.it\/de\/sicherer-urlaub-rimini\/","title":{"rendered":"Sicherer Urlaub im Park Hotel, Rimini"},"content":{"rendered":"<p>Lieber Gast,<\/p>\n<p>Wir freuen uns, Ihnen mitteilen zu k\u00f6nnen, dass wir hier im <strong>Park Hotel in Rimini alle sanit\u00e4ren Ma\u00dfnahmen ergriffen haben<\/strong>, um Ihr Wohlbefinden w\u00e4hrend Ihres Urlaubs bestm\u00f6glich zu sch\u00fctzen.<\/p>\n<p>Wir sorgen f\u00fcr alle <strong>notwendigen Hygienema\u00dfnahmen<\/strong>, um die Gesundheit aller unserer G\u00e4ste und Mitarbeiter zu gew\u00e4hrleisten, wobei wichtige Vorsichtsma\u00dfnahmen in \u00f6ffentlichen Bereichen und bei zwischenmenschlichen Kontakten zu beachten sind.<\/p>\n<p><strong>Wir sorgen f\u00fcr Ihr Wohlbefinden<\/strong> und sind \u00fcberzeugt, dass Sie Dank den neuen Schutzma\u00dfnahmen einen angenehmen Aufenthalt haben werden.<\/p>\n<div class=\"row row-columns\">\n<div class=\"col-sm-6\">\n<div class=\"servizi-div\" style=\"border: 4px solid #D3B476; padding: 5px; background-color: #fff;\">\n<p style=\"float: left; margin-right: 5px;\"><img loading=\"lazy\" decoding=\"async\" class=\"alignleft wp-image-1432\" src=\"https:\/\/www.riminiresort.it\/wp-content\/uploads\/2020\/06\/disinfect.png\" alt=\"\" width=\"50\" height=\"50\" data-big-size=\"50x50\" \/><\/p>\n<p><span style=\"font-size: 14pt;\"><strong>Reinigung und Desinfektion<br \/>\n<\/strong><\/span>Strenge Hygiene und Desinfektion aller R\u00e4ume und anderer kritischer Stellen, wie zum Beispiel T\u00fcrgriffe, Aufz\u00fcge und \u00f6ffentliche Toiletten.<\/p>\n<\/div>\n<\/div>\n<div class=\"col-sm-6\">\n<div class=\"servizi-div\" style=\"border: 4px solid #D3B476; padding: 5px; background-color: #fff;\">\n<p style=\"float: left; margin-right: 5px;\"><img loading=\"lazy\" decoding=\"async\" class=\"alignleft wp-image-1432\" src=\"https:\/\/www.riminiresort.it\/wp-content\/uploads\/2020\/06\/shield.png\" alt=\"\" width=\"50\" height=\"50\" data-big-size=\"50x50\" \/><\/p>\n<p><span style=\"font-size: 14pt;\"><strong>Schnell und flexibel<\/strong><\/span><br \/>\nVereinfachtes Ein- und Auschecken, Reservierungen ohne Anzahlung mit kostenloser Stornierung bis zu 3 Tage nach Ankunft.<\/p>\n<\/div>\n<\/div>\n<div class=\"clearfix\"><\/div>\n<div class=\"col-sm-6\">\n<div class=\"servizi-div\" style=\"border: 4px solid #D3B476; padding: 5px; background-color: #fff;\">\n<p style=\"float: left; margin-right: 5px;\"><img loading=\"lazy\" decoding=\"async\" class=\"alignleft wp-image-1428\" src=\"https:\/\/www.riminiresort.it\/wp-content\/uploads\/2020\/06\/prevention.png\" alt=\"\" width=\"50\" height=\"50\" data-big-size=\"50x50\" \/><\/p>\n<p><span style=\"font-size: 14pt;\"><strong>Pers\u00f6nliche Schutzausstattung<br \/>\n<\/strong><\/span>Handschuhe und Masken f\u00fcr unsere Mitarbeiter, so wie Desinfektionsgelspender, die im ganzen Hotel verteilt sind. Auf Anfrage k\u00f6nnen wir Ihnen auch Schutzausstattung bereitstellen.<\/p>\n<\/div>\n<\/div>\n<div class=\"col-sm-6\">\n<div class=\"servizi-div\" style=\"border: 4px solid #D3B476; padding: 5px; background-color: #fff;\">\n<p style=\"float: left; margin-right: 5px;\"><img loading=\"lazy\" decoding=\"async\" class=\"alignleft wp-image-1428\" src=\"https:\/\/www.riminiresort.it\/wp-content\/uploads\/2020\/06\/catering.png\" alt=\"\" width=\"50\" height=\"50\" data-big-size=\"50x50\" \/><\/p>\n<p><span style=\"font-size: 14pt;\"><strong>Gut durchdachtes Catering<\/strong><\/span><br \/>\nDas Essen wird von unseren Kellnern serviert. Alle Tische sind einen Meter voneinander entfernt (auch die mit Meerblick). Nach Wunsch gibt es nat\u00fcrlich auch Zimmerservice mit Speisen zum mitnehmen.<\/p>\n<\/div>\n<\/div>\n<div class=\"clearfix\"><\/div>\n<div class=\"col-sm-6\">\n<div class=\"servizi-div\" style=\"border: 4px solid #D3B476; padding: 5px; background-color: #fff;\">\n<p style=\"float: left; margin-right: 5px;\"><img loading=\"lazy\" decoding=\"async\" class=\"alignleft wp-image-1428\" src=\"https:\/\/www.riminiresort.it\/wp-content\/uploads\/2020\/06\/doctor.png\" alt=\"\" width=\"50\" height=\"50\" data-big-size=\"50x50\" \/><\/p>\n<p><span style=\"font-size: 14pt;\"><strong>Schulung der Mitarbeiter<\/strong><\/span><br \/>\nUnsere Mitarbeiter werden st\u00e4ndig \u00fcber Sicherheitsnormen und Verhaltensweisen gelehrt und informiert, um das Wohl unserer G\u00e4ste zu gew\u00e4hrleisten.<\/p>\n<\/div>\n<\/div>\n<div class=\"col-sm-6\"><\/div>\n<\/div>\n<hr \/>\n","protected":false},"excerpt":{"rendered":"<p>Lieber Gast, Wir freuen uns, Ihnen mitteilen zu k\u00f6nnen, dass wir hier im Park Hotel in Rimini alle sanit\u00e4ren Ma\u00dfnahmen ergriffen haben, um Ihr Wohlbefinden w\u00e4hrend Ihres Urlaubs bestm\u00f6glich zu sch\u00fctzen. Wir sorgen f\u00fcr alle notwendigen Hygienema\u00dfnahmen, um die Gesundheit aller unserer G\u00e4ste und Mitarbeiter zu gew\u00e4hrleisten, wobei wichtige Vorsichtsma\u00dfnahmen in \u00f6ffentlichen Bereichen und bei zwischenmenschlichen Kontakten zu beachten sind. Wir sorgen f\u00fcr Ihr Wohlbefinden und sind \u00fcberzeugt, dass Sie &#8230;<\/p>\n","protected":false},"author":1,"featured_media":0,"parent":0,"menu_order":0,"comment_status":"closed","ping_status":"closed","template":"","meta":{"_acf_changed":false},"class_list":["post-3067","page","type-page","status-publish","hentry"],"acf":[],"_links":{"self":[{"href":"https:\/\/www.riminiresort.it\/de\/wp-json\/wp\/v2\/pages\/3067","targetHints":{"allow":["GET"]}}],"collection":[{"href":"https:\/\/www.riminiresort.it\/de\/wp-json\/wp\/v2\/pages"}],"about":[{"href":"https:\/\/www.riminiresort.it\/de\/wp-json\/wp\/v2\/types\/page"}],"author":[{"embeddable":true,"href":"https:\/\/www.riminiresort.it\/de\/wp-json\/wp\/v2\/users\/1"}],"replies":[{"embeddable":true,"href":"https:\/\/www.riminiresort.it\/de\/wp-json\/wp\/v2\/comments?post=3067"}],"version-history":[{"count":0,"href":"https:\/\/www.riminiresort.it\/de\/wp-json\/wp\/v2\/pages\/3067\/revisions"}],"wp:attachment":[{"href":"https:\/\/www.riminiresort.it\/de\/wp-json\/wp\/v2\/media?parent=3067"}],"curies":[{"name":"wp","href":"https:\/\/api.w.org\/{rel}","templated":true}]}}