{"id":2242,"date":"2018-09-05T10:49:59","date_gmt":"2018-09-05T08:49:59","guid":{"rendered":"http:\/\/dev.editatest.com\/sitotemplate.it\/dati-societari\/"},"modified":"2019-09-02T11:45:57","modified_gmt":"2019-09-02T09:45:57","slug":"donnees-sur-la-societe","status":"publish","type":"page","link":"https:\/\/www.riminiresort.it\/fr\/donnees-sur-la-societe\/","title":{"rendered":"Donn\u00e9es sur la soci\u00e9t\u00e9"},"content":{"rendered":"<p><strong>Donn\u00e9es sur la soci\u00e9t\u00e9 Hotel EDITA<\/strong><\/p>\n<p>D\u00e9nomination et raison sociale :<br \/>\nSi\u00e8ge l\u00e9gal :<br \/>\nBureau registre des entreprises :<br \/>\nDate acte de constitution :<br \/>\nDate inscription au registre des entreprises :<br \/>\nCapital social :<br \/>\nCode d\u2019identification fiscale et n\u00b0 TVA :<br \/>\nCourrier \u00e9lectronique certifi\u00e9 (PEC) :<br \/>\nInscription aupr\u00e8s du Bureau de l\u2019Enregistrement de :<br \/>\nNum\u00e9ro R\u00e9pertoire \u00e9conomique administratif (Rea) :<\/p>\n","protected":false},"excerpt":{"rendered":"<p>Donn\u00e9es sur la soci\u00e9t\u00e9 Hotel EDITA D\u00e9nomination et raison sociale : Si\u00e8ge l\u00e9gal : Bureau registre des entreprises : Date acte de constitution : Date inscription au registre des entreprises : Capital social : Code d\u2019identification fiscale et n\u00b0 TVA : Courrier \u00e9lectronique certifi\u00e9 (PEC) : Inscription aupr\u00e8s du Bureau de l\u2019Enregistrement de : Num\u00e9ro R\u00e9pertoire \u00e9conomique administratif (Rea) :<\/p>\n","protected":false},"author":1,"featured_media":0,"parent":0,"menu_order":0,"comment_status":"closed","ping_status":"closed","template":"","meta":{"_acf_changed":false},"class_list":["post-2242","page","type-page","status-publish","hentry"],"acf":[],"_links":{"self":[{"href":"https:\/\/www.riminiresort.it\/fr\/wp-json\/wp\/v2\/pages\/2242","targetHints":{"allow":["GET"]}}],"collection":[{"href":"https:\/\/www.riminiresort.it\/fr\/wp-json\/wp\/v2\/pages"}],"about":[{"href":"https:\/\/www.riminiresort.it\/fr\/wp-json\/wp\/v2\/types\/page"}],"author":[{"embeddable":true,"href":"https:\/\/www.riminiresort.it\/fr\/wp-json\/wp\/v2\/users\/1"}],"replies":[{"embeddable":true,"href":"https:\/\/www.riminiresort.it\/fr\/wp-json\/wp\/v2\/comments?post=2242"}],"version-history":[{"count":0,"href":"https:\/\/www.riminiresort.it\/fr\/wp-json\/wp\/v2\/pages\/2242\/revisions"}],"wp:attachment":[{"href":"https:\/\/www.riminiresort.it\/fr\/wp-json\/wp\/v2\/media?parent=2242"}],"curies":[{"name":"wp","href":"https:\/\/api.w.org\/{rel}","templated":true}]}}