{"id":2866,"date":"2018-08-30T10:09:57","date_gmt":"2018-08-30T08:09:57","guid":{"rendered":"https:\/\/www.riminiresort.it\/pagina-di-esempio\/"},"modified":"2023-03-24T14:05:52","modified_gmt":"2023-03-24T13:05:52","slug":"pagina-di-esempio","status":"publish","type":"page","link":"https:\/\/www.riminiresort.it\/fr\/","title":{"rendered":"Bienvenue au Park Hotel de Rimini, votre Resort en bord de mer pour d\u00e9couvrir toutes les nuances de la Romagne"},"content":{"rendered":"<p>\u00c0 <strong>Rimini<\/strong>,<strong> la ville la plus anim\u00e9e de la c\u00f4te Adriatique<\/strong>, le Park Hotel vous accueille face \u00e0 une plage dor\u00e9e pour vous faire profiter du soleil, de moments de d\u00e9tente et de divertissement non-stop. Ici, <strong>la mer est omnipr\u00e9sente<\/strong>, d\u2019un bleu turquoise id\u00e9al pour r\u00e9g\u00e9n\u00e9rer le corps, l&rsquo;esprit\u2026 et le c\u0153ur!<\/p>\n<p>Cette ann\u00e9e, le Park Hotel vous accueille sous la<strong> nouvelle direction d&rsquo;Adrian, Katia et leur famille<\/strong>, pour vous combler d&rsquo;attentions sur mesure, en toute s\u00e9curit\u00e9 pour <strong>des vacances vraiment sans souci<\/strong>.\u00a0Une \u00e9quipe sympathique toujours aux petits soins, <strong>pour un s\u00e9jour en bord de mer<\/strong> \u00e0 l\u2019enseigne de l\u2019authentique cuisine romagnole et de&#8230; <em>nous ne pouvons pas tout vous r\u00e9v\u00e9ler. Venez d\u00e9couvrir le Park Hotel de vos propres yeux!<\/em><\/p>\n<p>Dans le c\u0153ur estival de la ville, <strong>\u00e0 5 minutes en voiture du centre historique<\/strong>, avec un ample parking \u00e0 votre disposition. Des vacances de r\u00eave au bord de la mer, entre un <strong>d\u00e9licieux petit-d\u00e9jeuner servi dans le jardin<\/strong>, un plongeon rafra\u00eechissant dans la <strong>piscine<\/strong> et des moments de <strong>relax \u00e0 la plage<\/strong>, bien m\u00e9rit\u00e9s.<\/p>\n","protected":false},"excerpt":{"rendered":"<p>\u00c0 Rimini, la ville la plus anim\u00e9e de la c\u00f4te Adriatique, le Park Hotel vous accueille face \u00e0 une plage dor\u00e9e pour vous faire profiter du soleil, de moments de d\u00e9tente et de divertissement non-stop. Ici, la mer est omnipr\u00e9sente, d\u2019un bleu turquoise id\u00e9al pour r\u00e9g\u00e9n\u00e9rer le corps, l&rsquo;esprit\u2026 et le c\u0153ur! Cette ann\u00e9e, le Park Hotel vous accueille sous la nouvelle direction d&rsquo;Adrian, Katia et leur famille, pour vous &#8230;<\/p>\n","protected":false},"author":1,"featured_media":0,"parent":0,"menu_order":0,"comment_status":"closed","ping_status":"closed","template":"","meta":{"_acf_changed":false},"class_list":["post-2866","page","type-page","status-publish","hentry"],"acf":[],"_links":{"self":[{"href":"https:\/\/www.riminiresort.it\/fr\/wp-json\/wp\/v2\/pages\/2866","targetHints":{"allow":["GET"]}}],"collection":[{"href":"https:\/\/www.riminiresort.it\/fr\/wp-json\/wp\/v2\/pages"}],"about":[{"href":"https:\/\/www.riminiresort.it\/fr\/wp-json\/wp\/v2\/types\/page"}],"author":[{"embeddable":true,"href":"https:\/\/www.riminiresort.it\/fr\/wp-json\/wp\/v2\/users\/1"}],"replies":[{"embeddable":true,"href":"https:\/\/www.riminiresort.it\/fr\/wp-json\/wp\/v2\/comments?post=2866"}],"version-history":[{"count":0,"href":"https:\/\/www.riminiresort.it\/fr\/wp-json\/wp\/v2\/pages\/2866\/revisions"}],"wp:attachment":[{"href":"https:\/\/www.riminiresort.it\/fr\/wp-json\/wp\/v2\/media?parent=2866"}],"curies":[{"name":"wp","href":"https:\/\/api.w.org\/{rel}","templated":true}]}}