{"id":3065,"date":"2020-05-27T11:11:57","date_gmt":"2020-05-27T09:11:57","guid":{"rendered":"https:\/\/www.riminiresort.it\/vacanze-sicure\/"},"modified":"2021-03-11T09:48:00","modified_gmt":"2021-03-11T08:48:00","slug":"vacances-en-securite","status":"publish","type":"page","link":"https:\/\/www.riminiresort.it\/fr\/vacances-en-securite\/","title":{"rendered":"Vacances en toute s\u00e9curit\u00e9 au Rimini&rsquo;s Park Hotel"},"content":{"rendered":"<p>Cher invit\u00e9,<\/p>\n<p>nous sommes heureux de vous informer qu&rsquo;ici, au <strong>Park Hotel de Rimini, nous avons pris toutes les mesures sanitaires<\/strong> <strong>pour garantir au mieux votre bien-\u00eatre tout au long de vos vacances.<\/strong><\/p>\n<p>Nous sommes d\u00e9termin\u00e9s chaque jour \u00e0 appliquer toutes les <strong>proc\u00e9dures d&rsquo;hygi\u00e8ne n\u00e9cessaires pour garantir la sant\u00e9 de tous nos clients et personnels<\/strong>, en respectant les pr\u00e9cautions cl\u00e9s dans les espaces communs et les contacts interpersonnels.<\/p>\n<p><strong>Nous veillons \u00e0 votre bien-\u00eatre<\/strong> et nous sommes convaincus que chacune de ces nouvelles proc\u00e9dures vous garantira un s\u00e9jour avec un sourire d\u00e9tendu.<\/p>\n<div class=\"row row-columns\">\n<div class=\"col-sm-6\">\n<div class=\"servizi-div\" style=\"border: 4px solid #D3B476; padding: 5px; background-color: #fff;\">\n<p style=\"float: left; margin-right: 5px;\"><img loading=\"lazy\" decoding=\"async\" class=\"alignleft wp-image-1432\" src=\"https:\/\/www.riminiresort.it\/wp-content\/uploads\/2020\/06\/disinfect.png\" alt=\"\" width=\"50\" height=\"50\" data-big-size=\"50x50\" \/><\/p>\n<p><span style=\"font-size: 14pt;\"><strong>Nettoyage et d\u00e9sinfection<br \/>\n<\/strong><\/span>Assainissement rigoureux des pi\u00e8ces et des zones, avec d\u00e9sinfection continue des endroits comme les poign\u00e9es de porte, les ascenseurs et les toilettes publiques.<\/p>\n<\/div>\n<\/div>\n<div class=\"col-sm-6\">\n<div class=\"servizi-div\" style=\"border: 4px solid #D3B476; padding: 5px; background-color: #fff;\">\n<p style=\"float: left; margin-right: 5px;\"><img loading=\"lazy\" decoding=\"async\" class=\"alignleft wp-image-1432\" src=\"https:\/\/www.riminiresort.it\/wp-content\/uploads\/2020\/06\/shield.png\" alt=\"\" width=\"50\" height=\"50\" data-big-size=\"50x50\" \/><\/p>\n<p><span style=\"font-size: 14pt;\"><strong>Rapidit\u00e9 et flexibilit\u00e9<\/strong><\/span><br \/>\nEnregistrement et d\u00e9part simplifi\u00e9s, r\u00e9servations sans acompte avec annulation gratuite jusqu&rsquo;\u00e0 3 jours avant l&rsquo;arriv\u00e9e.<\/p>\n<\/div>\n<\/div>\n<div class=\"clearfix\"><\/div>\n<div class=\"col-sm-6\">\n<div class=\"servizi-div\" style=\"border: 4px solid #D3B476; padding: 5px; background-color: #fff;\">\n<p style=\"float: left; margin-right: 5px;\"><img loading=\"lazy\" decoding=\"async\" class=\"alignleft wp-image-1428\" src=\"https:\/\/www.riminiresort.it\/wp-content\/uploads\/2020\/06\/prevention.png\" alt=\"\" width=\"50\" height=\"50\" data-big-size=\"50x50\" \/><\/p>\n<p><span style=\"font-size: 14pt;\"><strong>\u00c9quipement de protection individuelle<br \/>\n<\/strong><\/span>Gants et masques pour notre personnel et distributeurs de gel d\u00e9sinfectant dans tout l&rsquo;h\u00f4tel. Nous pouvons fournir des \u00e9quipements de protection individuelle sur demande.<\/p>\n<\/div>\n<\/div>\n<div class=\"col-sm-6\">\n<div class=\"servizi-div\" style=\"border: 4px solid #D3B476; padding: 5px; background-color: #fff;\">\n<p style=\"float: left; margin-right: 5px;\"><img loading=\"lazy\" decoding=\"async\" class=\"alignleft wp-image-1428\" src=\"https:\/\/www.riminiresort.it\/wp-content\/uploads\/2020\/06\/catering.png\" alt=\"\" width=\"50\" height=\"50\" data-big-size=\"50x50\" \/><\/p>\n<p><span style=\"font-size: 14pt;\"><strong>Restauration intelligente<\/strong><\/span><br \/>\nTous les repas sont servis \u00e0 table (avec des tables distantes d&rsquo;un m\u00e8tre sur la terrasse vue mer \u00e9galement). Service en chambre et plats \u00e0 emporter.<\/p>\n<\/div>\n<\/div>\n<div class=\"clearfix\"><\/div>\n<div class=\"col-sm-6\">\n<div class=\"servizi-div\" style=\"border: 4px solid #D3B476; padding: 5px; background-color: #fff;\">\n<p style=\"float: left; margin-right: 5px;\"><img loading=\"lazy\" decoding=\"async\" class=\"alignleft wp-image-1428\" src=\"https:\/\/www.riminiresort.it\/wp-content\/uploads\/2020\/06\/doctor.png\" alt=\"\" width=\"50\" height=\"50\" data-big-size=\"50x50\" \/><\/p>\n<p><span style=\"font-size: 14pt;\"><strong>La formation du personnel<\/strong><\/span><br \/>\nNotre personnel est constamment mis \u00e0 jour sur les normes de s\u00e9curit\u00e9 et la conduite \u00e0 maintenir afin de pr\u00e9server le bien-\u00eatre de nos clients.<\/p>\n<\/div>\n<\/div>\n<div class=\"col-sm-6\"><\/div>\n<\/div>\n<hr \/>\n","protected":false},"excerpt":{"rendered":"<p>Cher invit\u00e9, nous sommes heureux de vous informer qu&rsquo;ici, au Park Hotel de Rimini, nous avons pris toutes les mesures sanitaires pour garantir au mieux votre bien-\u00eatre tout au long de vos vacances. Nous sommes d\u00e9termin\u00e9s chaque jour \u00e0 appliquer toutes les proc\u00e9dures d&rsquo;hygi\u00e8ne n\u00e9cessaires pour garantir la sant\u00e9 de tous nos clients et personnels, en respectant les pr\u00e9cautions cl\u00e9s dans les espaces communs et les contacts interpersonnels. Nous veillons &#8230;<\/p>\n","protected":false},"author":1,"featured_media":0,"parent":0,"menu_order":0,"comment_status":"closed","ping_status":"closed","template":"","meta":{"_acf_changed":false},"class_list":["post-3065","page","type-page","status-publish","hentry"],"acf":[],"_links":{"self":[{"href":"https:\/\/www.riminiresort.it\/fr\/wp-json\/wp\/v2\/pages\/3065","targetHints":{"allow":["GET"]}}],"collection":[{"href":"https:\/\/www.riminiresort.it\/fr\/wp-json\/wp\/v2\/pages"}],"about":[{"href":"https:\/\/www.riminiresort.it\/fr\/wp-json\/wp\/v2\/types\/page"}],"author":[{"embeddable":true,"href":"https:\/\/www.riminiresort.it\/fr\/wp-json\/wp\/v2\/users\/1"}],"replies":[{"embeddable":true,"href":"https:\/\/www.riminiresort.it\/fr\/wp-json\/wp\/v2\/comments?post=3065"}],"version-history":[{"count":0,"href":"https:\/\/www.riminiresort.it\/fr\/wp-json\/wp\/v2\/pages\/3065\/revisions"}],"wp:attachment":[{"href":"https:\/\/www.riminiresort.it\/fr\/wp-json\/wp\/v2\/media?parent=3065"}],"curies":[{"name":"wp","href":"https:\/\/api.w.org\/{rel}","templated":true}]}}